{"id":2014,"date":"2020-05-07T14:32:21","date_gmt":"2020-05-07T12:32:21","guid":{"rendered":"https:\/\/www.campinglabeaume-verdon.com\/?page_id=2014"},"modified":"2022-12-02T13:42:11","modified_gmt":"2022-12-02T12:42:11","slug":"covid19-vos-reservations","status":"publish","type":"page","link":"https:\/\/www.campinglabeaume-verdon.com\/fr\/covid19-vos-reservations\/","title":{"rendered":"COVID19 : vos r\u00e9servations."},"content":{"rendered":"","protected":false},"excerpt":{"rendered":"","protected":false},"author":1,"featured_media":837,"parent":0,"menu_order":0,"comment_status":"closed","ping_status":"closed","template":"","meta":{"_acf_changed":false,"footnotes":""},"class_list":["post-2014","page","type-page","status-publish","has-post-thumbnail","hentry"],"acf":[],"yoast_head":"<!-- This site is optimized with the Yoast SEO plugin v25.3 - https:\/\/yoast.com\/wordpress\/plugins\/seo\/ -->\n<title>COVID19 : vos r\u00e9servations. - Camping Beaume<\/title>\n<meta name=\"description\" content=\"En cette p\u00e9riode de Covid19, nous mettons des mesures en place pour faciliter vos r\u00e9servations et vos prochains s\u00e9jours.\" \/>\n<meta name=\"robots\" content=\"index, follow, max-snippet:-1, max-image-preview:large, max-video-preview:-1\" \/>\n<link rel=\"canonical\" href=\"https:\/\/www.campinglabeaume-verdon.com\/fr\/covid19-vos-reservations\/\" \/>\n<meta property=\"og:locale\" content=\"fr_FR\" \/>\n<meta property=\"og:type\" content=\"article\" \/>\n<meta property=\"og:title\" content=\"COVID19 : vos r\u00e9servations. - Camping Beaume\" \/>\n<meta property=\"og:description\" content=\"En cette p\u00e9riode de Covid19, nous mettons des mesures en place pour faciliter vos r\u00e9servations et vos prochains s\u00e9jours.\" \/>\n<meta property=\"og:url\" content=\"https:\/\/www.campinglabeaume-verdon.com\/fr\/covid19-vos-reservations\/\" \/>\n<meta property=\"og:site_name\" content=\"Camping Beaume\" \/>\n<meta property=\"article:modified_time\" content=\"2022-12-02T12:42:11+00:00\" \/>\n<meta property=\"og:image\" content=\"https:\/\/www.campinglabeaume-verdon.com\/wp-content\/uploads\/2020\/03\/randonnees-verdon-1.jpg\" \/>\n\t<meta property=\"og:image:width\" content=\"1903\" \/>\n\t<meta property=\"og:image:height\" content=\"500\" \/>\n\t<meta property=\"og:image:type\" content=\"image\/jpeg\" \/>\n<meta name=\"twitter:card\" content=\"summary_large_image\" \/>\n<script type=\"application\/ld+json\" class=\"yoast-schema-graph\">{\"@context\":\"https:\/\/schema.org\",\"@graph\":[{\"@type\":\"WebPage\",\"@id\":\"https:\/\/www.campinglabeaume-verdon.com\/fr\/covid19-vos-reservations\/\",\"url\":\"https:\/\/www.campinglabeaume-verdon.com\/fr\/covid19-vos-reservations\/\",\"name\":\"COVID19 : vos r\u00e9servations. - Camping Beaume\",\"isPartOf\":{\"@id\":\"https:\/\/www.campinglabeaume-verdon.com\/fr\/#website\"},\"primaryImageOfPage\":{\"@id\":\"https:\/\/www.campinglabeaume-verdon.com\/fr\/covid19-vos-reservations\/#primaryimage\"},\"image\":{\"@id\":\"https:\/\/www.campinglabeaume-verdon.com\/fr\/covid19-vos-reservations\/#primaryimage\"},\"thumbnailUrl\":\"https:\/\/www.campinglabeaume-verdon.com\/wp-content\/uploads\/2020\/03\/randonnees-verdon-1.jpg\",\"datePublished\":\"2020-05-07T12:32:21+00:00\",\"dateModified\":\"2022-12-02T12:42:11+00:00\",\"description\":\"En cette p\u00e9riode de Covid19, nous mettons des mesures en place pour faciliter vos r\u00e9servations et vos prochains s\u00e9jours.\",\"breadcrumb\":{\"@id\":\"https:\/\/www.campinglabeaume-verdon.com\/fr\/covid19-vos-reservations\/#breadcrumb\"},\"inLanguage\":\"fr-FR\",\"potentialAction\":[{\"@type\":\"ReadAction\",\"target\":[\"https:\/\/www.campinglabeaume-verdon.com\/fr\/covid19-vos-reservations\/\"]}]},{\"@type\":\"ImageObject\",\"inLanguage\":\"fr-FR\",\"@id\":\"https:\/\/www.campinglabeaume-verdon.com\/fr\/covid19-vos-reservations\/#primaryimage\",\"url\":\"https:\/\/www.campinglabeaume-verdon.com\/wp-content\/uploads\/2020\/03\/randonnees-verdon-1.jpg\",\"contentUrl\":\"https:\/\/www.campinglabeaume-verdon.com\/wp-content\/uploads\/2020\/03\/randonnees-verdon-1.jpg\",\"width\":1903,\"height\":500,\"caption\":\"randonn\u00e9es verdon\"},{\"@type\":\"BreadcrumbList\",\"@id\":\"https:\/\/www.campinglabeaume-verdon.com\/fr\/covid19-vos-reservations\/#breadcrumb\",\"itemListElement\":[{\"@type\":\"ListItem\",\"position\":1,\"name\":\"Camping Verdon\",\"item\":\"https:\/\/www.campinglabeaume-verdon.com\/fr\/\"},{\"@type\":\"ListItem\",\"position\":2,\"name\":\"COVID19 : vos r\u00e9servations.\"}]},{\"@type\":\"WebSite\",\"@id\":\"https:\/\/www.campinglabeaume-verdon.com\/fr\/#website\",\"url\":\"https:\/\/www.campinglabeaume-verdon.com\/fr\/\",\"name\":\"Camping Beaume\",\"description\":\"\",\"potentialAction\":[{\"@type\":\"SearchAction\",\"target\":{\"@type\":\"EntryPoint\",\"urlTemplate\":\"https:\/\/www.campinglabeaume-verdon.com\/fr\/?s={search_term_string}\"},\"query-input\":{\"@type\":\"PropertyValueSpecification\",\"valueRequired\":true,\"valueName\":\"search_term_string\"}}],\"inLanguage\":\"fr-FR\"}]}<\/script>\n<!-- \/ Yoast SEO plugin. -->","yoast_head_json":{"title":"COVID19 : vos r\u00e9servations. - Camping Beaume","description":"En cette p\u00e9riode de Covid19, nous mettons des mesures en place pour faciliter vos r\u00e9servations et vos prochains s\u00e9jours.","robots":{"index":"index","follow":"follow","max-snippet":"max-snippet:-1","max-image-preview":"max-image-preview:large","max-video-preview":"max-video-preview:-1"},"canonical":"https:\/\/www.campinglabeaume-verdon.com\/fr\/covid19-vos-reservations\/","og_locale":"fr_FR","og_type":"article","og_title":"COVID19 : vos r\u00e9servations. - Camping Beaume","og_description":"En cette p\u00e9riode de Covid19, nous mettons des mesures en place pour faciliter vos r\u00e9servations et vos prochains s\u00e9jours.","og_url":"https:\/\/www.campinglabeaume-verdon.com\/fr\/covid19-vos-reservations\/","og_site_name":"Camping Beaume","article_modified_time":"2022-12-02T12:42:11+00:00","og_image":[{"width":1903,"height":500,"url":"https:\/\/www.campinglabeaume-verdon.com\/wp-content\/uploads\/2020\/03\/randonnees-verdon-1.jpg","type":"image\/jpeg"}],"twitter_card":"summary_large_image","schema":{"@context":"https:\/\/schema.org","@graph":[{"@type":"WebPage","@id":"https:\/\/www.campinglabeaume-verdon.com\/fr\/covid19-vos-reservations\/","url":"https:\/\/www.campinglabeaume-verdon.com\/fr\/covid19-vos-reservations\/","name":"COVID19 : vos r\u00e9servations. - Camping Beaume","isPartOf":{"@id":"https:\/\/www.campinglabeaume-verdon.com\/fr\/#website"},"primaryImageOfPage":{"@id":"https:\/\/www.campinglabeaume-verdon.com\/fr\/covid19-vos-reservations\/#primaryimage"},"image":{"@id":"https:\/\/www.campinglabeaume-verdon.com\/fr\/covid19-vos-reservations\/#primaryimage"},"thumbnailUrl":"https:\/\/www.campinglabeaume-verdon.com\/wp-content\/uploads\/2020\/03\/randonnees-verdon-1.jpg","datePublished":"2020-05-07T12:32:21+00:00","dateModified":"2022-12-02T12:42:11+00:00","description":"En cette p\u00e9riode de Covid19, nous mettons des mesures en place pour faciliter vos r\u00e9servations et vos prochains s\u00e9jours.","breadcrumb":{"@id":"https:\/\/www.campinglabeaume-verdon.com\/fr\/covid19-vos-reservations\/#breadcrumb"},"inLanguage":"fr-FR","potentialAction":[{"@type":"ReadAction","target":["https:\/\/www.campinglabeaume-verdon.com\/fr\/covid19-vos-reservations\/"]}]},{"@type":"ImageObject","inLanguage":"fr-FR","@id":"https:\/\/www.campinglabeaume-verdon.com\/fr\/covid19-vos-reservations\/#primaryimage","url":"https:\/\/www.campinglabeaume-verdon.com\/wp-content\/uploads\/2020\/03\/randonnees-verdon-1.jpg","contentUrl":"https:\/\/www.campinglabeaume-verdon.com\/wp-content\/uploads\/2020\/03\/randonnees-verdon-1.jpg","width":1903,"height":500,"caption":"randonn\u00e9es verdon"},{"@type":"BreadcrumbList","@id":"https:\/\/www.campinglabeaume-verdon.com\/fr\/covid19-vos-reservations\/#breadcrumb","itemListElement":[{"@type":"ListItem","position":1,"name":"Camping Verdon","item":"https:\/\/www.campinglabeaume-verdon.com\/fr\/"},{"@type":"ListItem","position":2,"name":"COVID19 : vos r\u00e9servations."}]},{"@type":"WebSite","@id":"https:\/\/www.campinglabeaume-verdon.com\/fr\/#website","url":"https:\/\/www.campinglabeaume-verdon.com\/fr\/","name":"Camping Beaume","description":"","potentialAction":[{"@type":"SearchAction","target":{"@type":"EntryPoint","urlTemplate":"https:\/\/www.campinglabeaume-verdon.com\/fr\/?s={search_term_string}"},"query-input":{"@type":"PropertyValueSpecification","valueRequired":true,"valueName":"search_term_string"}}],"inLanguage":"fr-FR"}]}},"_links":{"self":[{"href":"https:\/\/www.campinglabeaume-verdon.com\/fr\/wp-json\/wp\/v2\/pages\/2014"}],"collection":[{"href":"https:\/\/www.campinglabeaume-verdon.com\/fr\/wp-json\/wp\/v2\/pages"}],"about":[{"href":"https:\/\/www.campinglabeaume-verdon.com\/fr\/wp-json\/wp\/v2\/types\/page"}],"author":[{"embeddable":true,"href":"https:\/\/www.campinglabeaume-verdon.com\/fr\/wp-json\/wp\/v2\/users\/1"}],"replies":[{"embeddable":true,"href":"https:\/\/www.campinglabeaume-verdon.com\/fr\/wp-json\/wp\/v2\/comments?post=2014"}],"version-history":[{"count":11,"href":"https:\/\/www.campinglabeaume-verdon.com\/fr\/wp-json\/wp\/v2\/pages\/2014\/revisions"}],"predecessor-version":[{"id":2304,"href":"https:\/\/www.campinglabeaume-verdon.com\/fr\/wp-json\/wp\/v2\/pages\/2014\/revisions\/2304"}],"wp:featuredmedia":[{"embeddable":true,"href":"https:\/\/www.campinglabeaume-verdon.com\/fr\/wp-json\/wp\/v2\/media\/837"}],"wp:attachment":[{"href":"https:\/\/www.campinglabeaume-verdon.com\/fr\/wp-json\/wp\/v2\/media?parent=2014"}],"curies":[{"name":"wp","href":"https:\/\/api.w.org\/{rel}","templated":true}]}}