{"id":435,"date":"2020-03-25T14:16:58","date_gmt":"2020-03-25T13:16:58","guid":{"rendered":"http:\/\/www.campinglabeaume-verdon.com\/?page_id=435"},"modified":"2026-01-16T16:01:09","modified_gmt":"2026-01-16T15:01:09","slug":"idee-sejour-moto","status":"publish","type":"page","link":"https:\/\/www.campinglabeaume-verdon.com\/fr\/idee-sejour-moto\/","title":{"rendered":"Id\u00e9es S\u00e9jour : Moto"},"content":{"rendered":"","protected":false},"excerpt":{"rendered":"","protected":false},"author":1,"featured_media":967,"parent":0,"menu_order":0,"comment_status":"closed","ping_status":"closed","template":"","meta":{"_acf_changed":false,"footnotes":""},"class_list":["post-435","page","type-page","status-publish","has-post-thumbnail","hentry"],"acf":[],"yoast_head":"<!-- This site is optimized with the Yoast SEO plugin v25.3 - https:\/\/yoast.com\/wordpress\/plugins\/seo\/ -->\n<title>Id\u00e9es s\u00e9jour moto | Gorges du Verdon en moto | Relais motard Paca<\/title>\n<meta name=\"description\" content=\"Nous avons pleins d&#039;id\u00e9es s\u00e9jour pour passer de bons moments au Camping la Beaume. Alors si vous ne savez pas quoi faire de vos vacances, venez.\" \/>\n<meta name=\"robots\" content=\"index, follow, max-snippet:-1, max-image-preview:large, max-video-preview:-1\" \/>\n<link rel=\"canonical\" href=\"https:\/\/www.campinglabeaume-verdon.com\/fr\/idee-sejour-moto\/\" \/>\n<meta property=\"og:locale\" content=\"fr_FR\" \/>\n<meta property=\"og:type\" content=\"article\" \/>\n<meta property=\"og:title\" content=\"Id\u00e9es s\u00e9jour moto | Gorges du Verdon en moto | Relais motard Paca\" \/>\n<meta property=\"og:description\" content=\"Nous avons pleins d&#039;id\u00e9es s\u00e9jour pour passer de bons moments au Camping la Beaume. Alors si vous ne savez pas quoi faire de vos vacances, venez.\" \/>\n<meta property=\"og:url\" content=\"https:\/\/www.campinglabeaume-verdon.com\/fr\/idee-sejour-moto\/\" \/>\n<meta property=\"og:site_name\" content=\"Camping Beaume\" \/>\n<meta property=\"article:modified_time\" content=\"2026-01-16T15:01:09+00:00\" \/>\n<meta property=\"og:image\" content=\"https:\/\/www.campinglabeaume-verdon.com\/wp-content\/uploads\/2020\/03\/camping-motard-verdon.jpg\" \/>\n\t<meta property=\"og:image:width\" content=\"1902\" \/>\n\t<meta property=\"og:image:height\" content=\"500\" \/>\n\t<meta property=\"og:image:type\" content=\"image\/jpeg\" \/>\n<meta name=\"twitter:card\" content=\"summary_large_image\" \/>\n<meta name=\"twitter:label1\" content=\"Dur\u00e9e de lecture estim\u00e9e\" \/>\n\t<meta name=\"twitter:data1\" content=\"1 minute\" \/>\n<script type=\"application\/ld+json\" class=\"yoast-schema-graph\">{\"@context\":\"https:\/\/schema.org\",\"@graph\":[{\"@type\":\"WebPage\",\"@id\":\"https:\/\/www.campinglabeaume-verdon.com\/fr\/idee-sejour-moto\/\",\"url\":\"https:\/\/www.campinglabeaume-verdon.com\/fr\/idee-sejour-moto\/\",\"name\":\"Id\u00e9es s\u00e9jour moto | Gorges du Verdon en moto | Relais motard Paca\",\"isPartOf\":{\"@id\":\"https:\/\/www.campinglabeaume-verdon.com\/fr\/#website\"},\"primaryImageOfPage\":{\"@id\":\"https:\/\/www.campinglabeaume-verdon.com\/fr\/idee-sejour-moto\/#primaryimage\"},\"image\":{\"@id\":\"https:\/\/www.campinglabeaume-verdon.com\/fr\/idee-sejour-moto\/#primaryimage\"},\"thumbnailUrl\":\"https:\/\/www.campinglabeaume-verdon.com\/wp-content\/uploads\/2020\/03\/camping-motard-verdon.jpg\",\"datePublished\":\"2020-03-25T13:16:58+00:00\",\"dateModified\":\"2026-01-16T15:01:09+00:00\",\"description\":\"Nous avons pleins d'id\u00e9es s\u00e9jour pour passer de bons moments au Camping la Beaume. Alors si vous ne savez pas quoi faire de vos vacances, venez.\",\"breadcrumb\":{\"@id\":\"https:\/\/www.campinglabeaume-verdon.com\/fr\/idee-sejour-moto\/#breadcrumb\"},\"inLanguage\":\"fr-FR\",\"potentialAction\":[{\"@type\":\"ReadAction\",\"target\":[\"https:\/\/www.campinglabeaume-verdon.com\/fr\/idee-sejour-moto\/\"]}]},{\"@type\":\"ImageObject\",\"inLanguage\":\"fr-FR\",\"@id\":\"https:\/\/www.campinglabeaume-verdon.com\/fr\/idee-sejour-moto\/#primaryimage\",\"url\":\"https:\/\/www.campinglabeaume-verdon.com\/wp-content\/uploads\/2020\/03\/camping-motard-verdon.jpg\",\"contentUrl\":\"https:\/\/www.campinglabeaume-verdon.com\/wp-content\/uploads\/2020\/03\/camping-motard-verdon.jpg\",\"width\":1902,\"height\":500,\"caption\":\"camping motard verdon\"},{\"@type\":\"BreadcrumbList\",\"@id\":\"https:\/\/www.campinglabeaume-verdon.com\/fr\/idee-sejour-moto\/#breadcrumb\",\"itemListElement\":[{\"@type\":\"ListItem\",\"position\":1,\"name\":\"Camping Verdon\",\"item\":\"https:\/\/www.campinglabeaume-verdon.com\/fr\/\"},{\"@type\":\"ListItem\",\"position\":2,\"name\":\"Id\u00e9es s\u00e9jour Moto\"}]},{\"@type\":\"WebSite\",\"@id\":\"https:\/\/www.campinglabeaume-verdon.com\/fr\/#website\",\"url\":\"https:\/\/www.campinglabeaume-verdon.com\/fr\/\",\"name\":\"Camping Beaume\",\"description\":\"\",\"potentialAction\":[{\"@type\":\"SearchAction\",\"target\":{\"@type\":\"EntryPoint\",\"urlTemplate\":\"https:\/\/www.campinglabeaume-verdon.com\/fr\/?s={search_term_string}\"},\"query-input\":{\"@type\":\"PropertyValueSpecification\",\"valueRequired\":true,\"valueName\":\"search_term_string\"}}],\"inLanguage\":\"fr-FR\"}]}<\/script>\n<!-- \/ Yoast SEO plugin. -->","yoast_head_json":{"title":"Id\u00e9es s\u00e9jour moto | Gorges du Verdon en moto | Relais motard Paca","description":"Nous avons pleins d'id\u00e9es s\u00e9jour pour passer de bons moments au Camping la Beaume. Alors si vous ne savez pas quoi faire de vos vacances, venez.","robots":{"index":"index","follow":"follow","max-snippet":"max-snippet:-1","max-image-preview":"max-image-preview:large","max-video-preview":"max-video-preview:-1"},"canonical":"https:\/\/www.campinglabeaume-verdon.com\/fr\/idee-sejour-moto\/","og_locale":"fr_FR","og_type":"article","og_title":"Id\u00e9es s\u00e9jour moto | Gorges du Verdon en moto | Relais motard Paca","og_description":"Nous avons pleins d'id\u00e9es s\u00e9jour pour passer de bons moments au Camping la Beaume. Alors si vous ne savez pas quoi faire de vos vacances, venez.","og_url":"https:\/\/www.campinglabeaume-verdon.com\/fr\/idee-sejour-moto\/","og_site_name":"Camping Beaume","article_modified_time":"2026-01-16T15:01:09+00:00","og_image":[{"width":1902,"height":500,"url":"https:\/\/www.campinglabeaume-verdon.com\/wp-content\/uploads\/2020\/03\/camping-motard-verdon.jpg","type":"image\/jpeg"}],"twitter_card":"summary_large_image","twitter_misc":{"Dur\u00e9e de lecture estim\u00e9e":"1 minute"},"schema":{"@context":"https:\/\/schema.org","@graph":[{"@type":"WebPage","@id":"https:\/\/www.campinglabeaume-verdon.com\/fr\/idee-sejour-moto\/","url":"https:\/\/www.campinglabeaume-verdon.com\/fr\/idee-sejour-moto\/","name":"Id\u00e9es s\u00e9jour moto | Gorges du Verdon en moto | Relais motard Paca","isPartOf":{"@id":"https:\/\/www.campinglabeaume-verdon.com\/fr\/#website"},"primaryImageOfPage":{"@id":"https:\/\/www.campinglabeaume-verdon.com\/fr\/idee-sejour-moto\/#primaryimage"},"image":{"@id":"https:\/\/www.campinglabeaume-verdon.com\/fr\/idee-sejour-moto\/#primaryimage"},"thumbnailUrl":"https:\/\/www.campinglabeaume-verdon.com\/wp-content\/uploads\/2020\/03\/camping-motard-verdon.jpg","datePublished":"2020-03-25T13:16:58+00:00","dateModified":"2026-01-16T15:01:09+00:00","description":"Nous avons pleins d'id\u00e9es s\u00e9jour pour passer de bons moments au Camping la Beaume. Alors si vous ne savez pas quoi faire de vos vacances, venez.","breadcrumb":{"@id":"https:\/\/www.campinglabeaume-verdon.com\/fr\/idee-sejour-moto\/#breadcrumb"},"inLanguage":"fr-FR","potentialAction":[{"@type":"ReadAction","target":["https:\/\/www.campinglabeaume-verdon.com\/fr\/idee-sejour-moto\/"]}]},{"@type":"ImageObject","inLanguage":"fr-FR","@id":"https:\/\/www.campinglabeaume-verdon.com\/fr\/idee-sejour-moto\/#primaryimage","url":"https:\/\/www.campinglabeaume-verdon.com\/wp-content\/uploads\/2020\/03\/camping-motard-verdon.jpg","contentUrl":"https:\/\/www.campinglabeaume-verdon.com\/wp-content\/uploads\/2020\/03\/camping-motard-verdon.jpg","width":1902,"height":500,"caption":"camping motard verdon"},{"@type":"BreadcrumbList","@id":"https:\/\/www.campinglabeaume-verdon.com\/fr\/idee-sejour-moto\/#breadcrumb","itemListElement":[{"@type":"ListItem","position":1,"name":"Camping Verdon","item":"https:\/\/www.campinglabeaume-verdon.com\/fr\/"},{"@type":"ListItem","position":2,"name":"Id\u00e9es s\u00e9jour Moto"}]},{"@type":"WebSite","@id":"https:\/\/www.campinglabeaume-verdon.com\/fr\/#website","url":"https:\/\/www.campinglabeaume-verdon.com\/fr\/","name":"Camping Beaume","description":"","potentialAction":[{"@type":"SearchAction","target":{"@type":"EntryPoint","urlTemplate":"https:\/\/www.campinglabeaume-verdon.com\/fr\/?s={search_term_string}"},"query-input":{"@type":"PropertyValueSpecification","valueRequired":true,"valueName":"search_term_string"}}],"inLanguage":"fr-FR"}]}},"_links":{"self":[{"href":"https:\/\/www.campinglabeaume-verdon.com\/fr\/wp-json\/wp\/v2\/pages\/435"}],"collection":[{"href":"https:\/\/www.campinglabeaume-verdon.com\/fr\/wp-json\/wp\/v2\/pages"}],"about":[{"href":"https:\/\/www.campinglabeaume-verdon.com\/fr\/wp-json\/wp\/v2\/types\/page"}],"author":[{"embeddable":true,"href":"https:\/\/www.campinglabeaume-verdon.com\/fr\/wp-json\/wp\/v2\/users\/1"}],"replies":[{"embeddable":true,"href":"https:\/\/www.campinglabeaume-verdon.com\/fr\/wp-json\/wp\/v2\/comments?post=435"}],"version-history":[{"count":12,"href":"https:\/\/www.campinglabeaume-verdon.com\/fr\/wp-json\/wp\/v2\/pages\/435\/revisions"}],"predecessor-version":[{"id":2900,"href":"https:\/\/www.campinglabeaume-verdon.com\/fr\/wp-json\/wp\/v2\/pages\/435\/revisions\/2900"}],"wp:featuredmedia":[{"embeddable":true,"href":"https:\/\/www.campinglabeaume-verdon.com\/fr\/wp-json\/wp\/v2\/media\/967"}],"wp:attachment":[{"href":"https:\/\/www.campinglabeaume-verdon.com\/fr\/wp-json\/wp\/v2\/media?parent=435"}],"curies":[{"name":"wp","href":"https:\/\/api.w.org\/{rel}","templated":true}]}}